{"id":11027,"date":"2019-12-12T09:20:18","date_gmt":"2019-12-12T09:20:18","guid":{"rendered":"http:\/\/quanticalabs.com\/wp_themes4\/autoride\/?page_id=11027"},"modified":"2023-10-22T13:39:11","modified_gmt":"2023-10-22T13:39:11","slug":"aboutus","status":"publish","type":"page","link":"https:\/\/usarentacars.com\/es\/aboutus\/","title":{"rendered":"Sobre Nosotros"},"content":{"rendered":"<section class=\"wpb-content-wrapper\"><div class=\"vc_row wpb_row vc_row-fluid\"><div class=\"wpb_column vc_column_container vc_col-sm-4\"><div class=\"vc_column-inner\"><div class=\"wpb_wrapper\">\n\t<div  class=\"wpb_single_image wpb_content_element vc_align_left\">\n\t\t\n\t\t<figure class=\"wpb_wrapper vc_figure\">\n\t\t\t<div class=\"vc_single_image-wrapper   vc_box_border_grey\"><img loading=\"lazy\" decoding=\"async\" class=\"vc_single_image-img\" src=\"https:\/\/usarentacars.com\/wp-content\/uploads\/2023\/08\/Screenshot-2023-08-09-at-12.58.46-300x500.png\" width=\"300\" height=\"500\" alt=\"punta-cana\" title=\"Screenshot 2023-08-09 at 12.58.46\" \/><\/div>\n\t\t<\/figure>\n\t<\/div>\n<\/div><\/div><\/div><div class=\"wpb_column vc_column_container vc_col-sm-8\"><div class=\"vc_column-inner\"><div class=\"wpb_wrapper\">\r\n            <p class=\"theme-component-paragraph-large theme-component-paragraph-large-style-2 alignleft theme-padding-top-0 theme-padding-bottom-0\">\r\n                USA Rent a Car es una empresa de alquiler de autos ubicada en la zona tur\u00edstica de B\u00e1varo \u2013 Punta Cana en Rep\u00fablica Dominicana. Nuestra dedicaci\u00f3n es proporcionar servicios y productos de alta calidad a precios asequibles para satisfacer los requisitos del cliente.\r\n            <\/p>\r\n        \n\t<div class=\"wpb_text_column wpb_content_element  theme-padding-top-30\" >\n\t\t<div class=\"wpb_wrapper\">\n\t\t\t<p class=\"p1\">Nuestro personal capacitado est\u00e1 siempre listo para servir a nuestros clientes, con esp\u00edritu y entusiasmo. Contamos con una flota de veh\u00edculos nuevos, modernos y confortables de varios estilos que le permitir\u00e1n elegir desde un compacto o un sed\u00e1n hasta un SUV de lujo o un veh\u00edculo deportivo de carreras, mientras disfruta de unas excelentes vacaciones en el afrodis\u00edaco Mar Caribe. .<\/p>\n\n\t\t<\/div>\n\t<\/div>\n<\/div><\/div><\/div><\/div><div class=\"vc_row wpb_row vc_row-fluid theme-margin-top-20\"><div class=\"wpb_column vc_column_container vc_col-sm-8\"><div class=\"vc_column-inner\"><div class=\"wpb_wrapper\">\r\n            <p class=\"theme-component-paragraph-large theme-component-paragraph-large-style-2 alignleft theme-padding-top-0 theme-padding-bottom-0\">\r\n                Comenzando como un sue\u00f1o y solo dos veh\u00edculos. USA Car Rental cuenta actualmente con una flota moderna, confiable y que se adapta a las diferentes solicitudes de viajeros y locales.\r\n            <\/p>\r\n        \n\t<div class=\"wpb_text_column wpb_content_element  theme-padding-top-30\" >\n\t\t<div class=\"wpb_wrapper\">\n\t\t\t<p class=\"p1\">Mantenernos en constante crecimiento y renovarnos diariamente para brindar una experiencia cercana, caracterizada por brindar una atenci\u00f3n personalizada, segura y eficiente. Siendo nuestra mayor inspiraci\u00f3n que las personas puedan recorrer la hermosa Rep\u00fablica Dominicana con toda la comodidad y confort de nuestros veh\u00edculos.<\/p>\n\n\t\t<\/div>\n\t<\/div>\n<\/div><\/div><\/div><div class=\"wpb_column vc_column_container vc_col-sm-4\"><div class=\"vc_column-inner\"><div class=\"wpb_wrapper\">\n\t<div  class=\"wpb_single_image wpb_content_element vc_align_right\">\n\t\t\n\t\t<figure class=\"wpb_wrapper vc_figure\">\n\t\t\t<div class=\"vc_single_image-wrapper   vc_box_border_grey\"><img loading=\"lazy\" decoding=\"async\" class=\"vc_single_image-img\" src=\"https:\/\/usarentacars.com\/wp-content\/uploads\/2023\/08\/dominican_republic_158_san_juan_de_la_maguana_road_trip-1024x576-1-300x300.jpg\" width=\"300\" height=\"300\" alt=\"punta-cana-car-rental\" title=\"dominican_republic_158_san_juan_de_la_maguana_road_trip-1024x576\" \/><\/div>\n\t\t<\/figure>\n\t<\/div>\n<\/div><\/div><\/div><\/div><div class=\"vc_row wpb_row vc_row-fluid\"><div class=\"theme-margin-bottom-0 wpb_column vc_column_container vc_col-sm-12\"><div class=\"vc_column-inner\"><div class=\"wpb_wrapper\">\r\n            <div class=\"theme-component-header-subheader aligncenter\">\r\n                <div class=\"theme-component-header-subheader-subheader\">Entendemos que trabajar juntos es la base de nuestro \u00e9xito.<\/div>\r\n                <h2 class=\"theme-component-header-subheader-header\">Nuestra misi\u00f3n es brindar a nuestros clientes un servicio que siempre se adapte a sus necesidades con planes flexibles y precios accesibles, mientras les brindamos apoyo a ellos y a nuestros empleados.<\/h2>\r\n            <\/div>\r\n        <h3 style=\"text-align: center\" class=\"vc_custom_heading theme-margin-top-60 theme-margin-bottom-50\" >Beneficios de contratar con USA Car Rental<\/h3><\/div><\/div><\/div><\/div><div class=\"vc_row wpb_row vc_row-fluid\"><div class=\"theme-margin-bottom-0 wpb_column vc_column_container vc_col-sm-12\"><div class=\"vc_column-inner\"><div class=\"wpb_wrapper\">\n            <div class=\"theme-component-feature theme-component-feature-style-1\">\n                <div class=\"vc_row wpb_row vc_inner vc_row-fluid\"><div class=\"wpb_column vc_column_container vc_col-sm-4\"><div class=\"vc_column-inner\"><div class=\"wpb_wrapper\">\r\n            <div class=\"theme-component-feature-item\">\r\n                <span class=\"theme-icon-feature-check theme-component-feature-item-icon\"><span><\/span><\/span>\r\n                <h4 class=\"theme-component-feature-item-header\">Seguridad primero<\/h4><p>Nuestra seguridad es primordial. Nuestros veh\u00edculos se someten a un riguroso mantenimiento, limpieza e inspecciones para que pueda conducir con confianza.<\/p>\n\r\n            <\/div>\r\n        <\/div><\/div><\/div><div class=\"wpb_column vc_column_container vc_col-sm-4\"><div class=\"vc_column-inner\"><div class=\"wpb_wrapper\">\r\n            <div class=\"theme-component-feature-item\">\r\n                <span class=\"theme-icon-feature-price theme-component-feature-item-icon\"><span><\/span><\/span>\r\n                <h4 class=\"theme-component-feature-item-header\">Tasas razonables<\/h4><p>Estamos comprometidos a ofrecerle el mejor valor por su dinero.<\/p>\n\r\n            <\/div>\r\n        <\/div><\/div><\/div><div class=\"wpb_column vc_column_container vc_col-sm-4\"><div class=\"vc_column-inner\"><div class=\"wpb_wrapper\">\r\n            <div class=\"theme-component-feature-item\">\r\n                <span class=\"theme-icon-feature-route-1 theme-component-feature-item-icon\"><span><\/span><\/span>\r\n                <h4 class=\"theme-component-feature-item-header\">Experiencia local<\/h4><p>Con un profundo conocimiento de los paisajes y las culturas de la Rep\u00fablica Dominicana, le ofrecemos un viaje personalizado que combina conocimientos locales con las comodidades de los est\u00e1ndares globales.<\/p>\n\r\n            <\/div>\r\n        <\/div><\/div><\/div><\/div>\n            <\/div>\n        <\/div><\/div><\/div><\/div>\n<\/section>","protected":false},"excerpt":{"rendered":"USA Rent a Car is a car rental company located in the tourist area of \u200b\u200bB\u00e1varo - Punta Cana in the Dominican Republic. Our dedication is to provide high-quality services and products at affordable prices to fit the client\u2019s requirements. Our trained staff is always ready to serve our customers, with spirit and enthusiasm. We [...]","protected":false},"author":2,"featured_media":0,"parent":0,"menu_order":0,"comment_status":"closed","ping_status":"closed","template":"","meta":{"_coblocks_attr":"","_coblocks_dimensions":"","_coblocks_responsive_height":"","_coblocks_accordion_ie_support":"","footnotes":""},"class_list":["post-11027","page","type-page","status-publish","hentry"],"_links":{"self":[{"href":"https:\/\/usarentacars.com\/es\/wp-json\/wp\/v2\/pages\/11027","targetHints":{"allow":["GET"]}}],"collection":[{"href":"https:\/\/usarentacars.com\/es\/wp-json\/wp\/v2\/pages"}],"about":[{"href":"https:\/\/usarentacars.com\/es\/wp-json\/wp\/v2\/types\/page"}],"author":[{"embeddable":true,"href":"https:\/\/usarentacars.com\/es\/wp-json\/wp\/v2\/users\/2"}],"replies":[{"embeddable":true,"href":"https:\/\/usarentacars.com\/es\/wp-json\/wp\/v2\/comments?post=11027"}],"version-history":[{"count":6,"href":"https:\/\/usarentacars.com\/es\/wp-json\/wp\/v2\/pages\/11027\/revisions"}],"predecessor-version":[{"id":12427,"href":"https:\/\/usarentacars.com\/es\/wp-json\/wp\/v2\/pages\/11027\/revisions\/12427"}],"wp:attachment":[{"href":"https:\/\/usarentacars.com\/es\/wp-json\/wp\/v2\/media?parent=11027"}],"curies":[{"name":"wp","href":"https:\/\/api.w.org\/{rel}","templated":true}]}}