{"id":11055,"date":"2019-12-12T09:54:28","date_gmt":"2019-12-12T09:54:28","guid":{"rendered":"http:\/\/quanticalabs.com\/wp_themes4\/autoride\/?page_id=11055"},"modified":"2023-08-17T13:16:24","modified_gmt":"2023-08-17T13:16:24","slug":"home","status":"publish","type":"page","link":"https:\/\/usarentacars.com\/es\/","title":{"rendered":"Hogar"},"content":{"rendered":"<section class=\"wpb-content-wrapper\"><div data-vc-full-width=\"true\" data-vc-full-width-init=\"false\" data-vc-stretch-content=\"true\" class=\"vc_row wpb_row vc_row-fluid theme-overflow-x-hidden vc_row-no-padding vc_row-o-content-middle vc_row-flex\"><div class=\"theme-margin-bottom-0 wpb_column vc_column_container vc_col-sm-12\"><div class=\"vc_column-inner\"><div class=\"wpb_wrapper\"><\/div><\/div><\/div><\/div><div class=\"vc_row-full-width vc_clearfix\"><\/div><div class=\"vc_row wpb_row vc_row-fluid theme-margin-top-100\"><div class=\"wpb_column vc_column_container vc_col-sm-12\"><div class=\"vc_column-inner\"><div class=\"wpb_wrapper\">\n            <div class=\"theme-component-feature theme-component-feature-style-1\">\n                <div class=\"vc_row wpb_row vc_inner vc_row-fluid\"><div class=\"wpb_column vc_column_container vc_col-sm-3\"><div class=\"vc_column-inner\"><div class=\"wpb_wrapper\">\r\n            <div class=\"theme-component-feature-item\">\r\n                <span class=\"theme-icon-feature-award theme-component-feature-item-icon\"><span><\/span><\/span>\r\n                <h4 class=\"theme-component-feature-item-header\">Seguridad primero<\/h4><p>Nuestra seguridad es primordial. Nuestros veh\u00edculos se someten a un riguroso mantenimiento, limpieza e inspecciones.<\/p>\n\r\n            <\/div>\r\n        <\/div><\/div><\/div><div class=\"wpb_column vc_column_container vc_col-sm-3\"><div class=\"vc_column-inner\"><div class=\"wpb_wrapper\">\r\n            <div class=\"theme-component-feature-item\">\r\n                <span class=\"theme-icon-feature-price theme-component-feature-item-icon\"><span><\/span><\/span>\r\n                <h4 class=\"theme-component-feature-item-header\">Tasas razonables<\/h4><p>Estamos comprometidos a ofrecerle el mejor valor por su dinero.<\/p>\n\r\n            <\/div>\r\n        <\/div><\/div><\/div><div class=\"wpb_column vc_column_container vc_col-sm-3\"><div class=\"vc_column-inner\"><div class=\"wpb_wrapper\">\r\n            <div class=\"theme-component-feature-item\">\r\n                <span class=\"theme-icon-feature-car-1 theme-component-feature-item-icon\"><span><\/span><\/span>\r\n                <h4 class=\"theme-component-feature-item-header\">Flota m\u00e1s grande<\/h4><p>Ofrecemos una amplia flota de veh\u00edculos que incluye sedanes, limusinas y autocares.<\/p>\n\r\n            <\/div>\r\n        <\/div><\/div><\/div><div class=\"wpb_column vc_column_container vc_col-sm-3\"><div class=\"vc_column-inner\"><div class=\"wpb_wrapper\">\r\n            <div class=\"theme-component-feature-item\">\r\n                <span class=\"theme-icon-feature-road-pin theme-component-feature-item-icon\"><span><\/span><\/span>\r\n                <h4 class=\"theme-component-feature-item-header\">Experiencia local<\/h4><p>Con un profundo conocimiento de los paisajes y culturas de la Rep\u00fablica Dominicana, le ofrecemos un viaje a su medida.<\/p>\n\r\n            <\/div>\r\n        <\/div><\/div><\/div><\/div>\n            <\/div>\n        <\/div><\/div><\/div><\/div><div data-vc-full-width=\"true\" data-vc-full-width-init=\"false\" data-vc-stretch-content=\"true\" class=\"vc_row wpb_row vc_row-fluid vc_row-no-padding vc_row-o-equal-height vc_row-flex\"><div class=\"wpb_column vc_column_container vc_col-sm-6 vc_col-has-fill\"><div class=\"vc_column-inner vc_custom_1578553329781\"><div class=\"wpb_wrapper\">\n\t<div  class=\"wpb_single_image wpb_content_element vc_align_center  vc_custom_1691589888208\">\n\t\t\n\t\t<figure class=\"wpb_wrapper vc_figure\">\n\t\t\t<div class=\"vc_single_image-wrapper   vc_box_border_grey\"><img loading=\"lazy\" decoding=\"async\" class=\"vc_single_image-img\" src=\"https:\/\/usarentacars.com\/wp-content\/uploads\/2023\/08\/homej1.jpg\" width=\"1500\" height=\"1200\" alt=\"homej1\" title=\"homej1\" \/><\/div>\n\t\t<\/figure>\n\t<\/div>\n<\/div><\/div><\/div><div class=\"theme-column-style-1 theme-background-color-12 wpb_column vc_column_container vc_col-sm-6\"><div class=\"vc_column-inner\"><div class=\"wpb_wrapper\"><h3 style=\"text-align: left\" class=\"vc_custom_heading\" >En USA Rental Cars nos enorgullecemos de cumplir\nLo mejor de los servicios para satisfacer todas sus necesidades<br \/>\nThe Best Of Services to Fulfill All of Your Needs<\/h3>\n\t<div class=\"wpb_text_column wpb_content_element\" >\n\t\t<div class=\"wpb_wrapper\">\n\t\t\t<p class=\"p1\">USA Car Rentals fue creada en el a\u00f1o 2013, por su fundador Juan M. Abreu P. Juan fue guiado por un gran amigo y colega, incursion\u00f3 en el alquiler de autos de forma independiente, con el prop\u00f3sito de ofrecer un servicio \u00fanico de calidad y orientado a satisfacer las necesidades de nuestros clientes.<\/p>\n\n\t\t<\/div>\n\t<\/div>\n<div class=\"vc_row wpb_row vc_inner vc_row-fluid\"><div class=\"wpb_column vc_column_container vc_col-sm-6\"><div class=\"vc_column-inner\"><div class=\"wpb_wrapper\"><div class=\"theme-component-list theme-component-list-style-2 theme-margin-top-40\">\n<ul>\n<li>Responsabilidad: Cumplimos con las reservas y expectativas de nuestros clientes, siguiendo los procedimientos establecidos.<\/li>\n<\/ul>\n&nbsp;\n<ul class=\"ul1\">\n<li class=\"li1\">Confianza: Nos aseguramos de que nuestros clientes se sientan en un contexto seguro y confiable al utilizar nuestros servicios<\/li>\n<\/ul>\n<\/div><\/div><\/div><\/div><div class=\"wpb_column vc_column_container vc_col-sm-6\"><div class=\"vc_column-inner\"><div class=\"wpb_wrapper\"><div class=\"theme-component-list theme-component-list-style-2 theme-margin-top-40\">\n<ul>\n<li>Calidad: Ofrecemos excelencia en nuestros servicios, sirviendo al m\u00e1ximo a cada persona.<\/li>\n<\/ul>\n&nbsp;\n<ul class=\"ul1\">\n<li class=\"li1\">Pasi\u00f3n: Somos una empresa apasionada y dedicada a los servicios. Nos apasiona servir a los turistas en nuestra querida Rep\u00fablica Dominicana.<\/li>\n<\/ul>\n<\/div><\/div><\/div><\/div><\/div><\/div><\/div><\/div><\/div><div class=\"vc_row-full-width vc_clearfix\"><\/div><div class=\"vc_row wpb_row vc_row-fluid theme-column-style-2 theme-padding-bottom-60\"><div class=\"theme-margin-bottom-40 wpb_column vc_column_container vc_col-sm-6\"><div class=\"vc_column-inner\"><div class=\"wpb_wrapper\"><h3 style=\"text-align: center\" class=\"vc_custom_heading theme-margin-top-40\" >Servicio al cliente excepcional<\/h3>\r\n            <p class=\"theme-component-paragraph-large theme-component-paragraph-large-style-1 aligncenter\">\r\n                Al ofrecer un servicio excepcional sin ning\u00fan detalle desatendido, hemos tenido la suerte de habernos convertido en un proveedor l\u00edder de alquiler de autom\u00f3viles en la Rep\u00fablica Dominicana. Nuestro objetivo es hacer que sus viajes sean seguros, sin esfuerzo y aventureros.\r\n            <\/p>\r\n        \r\n            <div class=\"theme-component-button theme-component-button-style-1 aligncenter aligncenter theme-margin-top-40\">\r\n                <a href=\"https:\/\/usarentacars.com\/es\/aboutus\/\" target=\"_self\">\r\n                    Aprende m\u00e1s\r\n                <\/a>\r\n            <\/div>\r\n        <\/div><\/div><\/div><div class=\"theme-margin-bottom-0 wpb_column vc_column_container vc_col-sm-6\"><div class=\"vc_column-inner\"><div class=\"wpb_wrapper\"><div class=\"vc_row wpb_row vc_row-fluid\"><div class=\"theme-margin-bottom-0 wpb_column vc_column_container vc_col-sm-12\"><div class=\"vc_column-inner\"><div class=\"wpb_wrapper\">\n\t<div  class=\"wpb_single_image wpb_content_element vc_align_left\">\n\t\t\n\t\t<figure class=\"wpb_wrapper vc_figure\">\n\t\t\t<div class=\"vc_single_image-wrapper   vc_box_border_grey\"><img loading=\"lazy\" decoding=\"async\" width=\"584\" height=\"436\" src=\"https:\/\/usarentacars.com\/wp-content\/uploads\/2018\/03\/Screenshot-2023-08-09-at-16.05.56.png\" class=\"vc_single_image-img attachment-full\" alt=\"\" title=\"Screenshot 2023-08-09 at 16.05.56\" srcset=\"https:\/\/usarentacars.com\/wp-content\/uploads\/2018\/03\/Screenshot-2023-08-09-at-16.05.56.png 584w, https:\/\/usarentacars.com\/wp-content\/uploads\/2018\/03\/Screenshot-2023-08-09-at-16.05.56-300x224.png 300w, https:\/\/usarentacars.com\/wp-content\/uploads\/2018\/03\/Screenshot-2023-08-09-at-16.05.56-16x12.png 16w, https:\/\/usarentacars.com\/wp-content\/uploads\/2018\/03\/Screenshot-2023-08-09-at-16.05.56-410x306.png 410w, https:\/\/usarentacars.com\/wp-content\/uploads\/2018\/03\/Screenshot-2023-08-09-at-16.05.56-100x75.png 100w\" sizes=\"auto, (max-width: 584px) 100vw, 584px\" \/><\/div>\n\t\t<\/figure>\n\t<\/div>\n<\/div><\/div><\/div><\/div><\/div><\/div><\/div><\/div><div data-vc-full-width=\"true\" data-vc-full-width-init=\"false\" class=\"vc_row wpb_row vc_row-fluid theme-background-color-7\"><div class=\"theme-column-style-2 theme-margin-bottom-0 wpb_column vc_column_container vc_col-sm-12\"><div class=\"vc_column-inner\"><div class=\"wpb_wrapper\">\r\n            <div class=\"theme-component-header-subheader aligncenter\">\r\n                <div class=\"theme-component-header-subheader-subheader\">Nuestra flota<\/div>\r\n                <h2 class=\"theme-component-header-subheader-header\">Descubre la flota de coches de alquiler<\/h2>\r\n            <\/div>\r\n        <div class=\"vc_row wpb_row vc_row-fluid\"><div class=\"theme-margin-bottom-10 wpb_column vc_column_container vc_col-sm-12\"><div class=\"vc_column-inner\"><div class=\"wpb_wrapper\">\n            <div data-column_count=\"2\" class=\"theme-component-gallery theme-component-gallery-type-1 theme-component-gallery-effect-type-2\">\n                <ul>\n                    \r\n            <li class=\"theme-component-gallery-item-width-50\">\r\n                <a data-fancybox-group=\"autoride-gallery-1\" href=\"https:\/\/usarentacars.com\/es\/book\/\">\r\n                    <img decoding=\"async\" src=\"https:\/\/usarentacars.com\/wp-content\/uploads\/2023\/09\/COMPACT.jpg\" alt=\"\"\/>\r\n                    <span><span><\/span><span>ECONOM\u00cdA<\/span><\/span>\r\n                    <i><\/i>\r\n                <\/a>\r\n            <\/li>\r\n        \r\n            <li class=\"theme-component-gallery-item-width-50\">\r\n                <a data-fancybox-group=\"autoride-gallery-1\" href=\"https:\/\/usarentacars.com\/es\/book\/\">\r\n                    <img decoding=\"async\" src=\"https:\/\/usarentacars.com\/wp-content\/uploads\/2023\/09\/ECONOMY.jpg\" alt=\"\"\/>\r\n                    <span><span><\/span><span>COMPACTO<\/span><\/span>\r\n                    <i><\/i>\r\n                <\/a>\r\n            <\/li>\r\n        \r\n            <li class=\"theme-component-gallery-item-width-50\">\r\n                <a data-fancybox-group=\"autoride-gallery-1\" href=\"https:\/\/usarentacars.com\/es\/book\/\">\r\n                    <img decoding=\"async\" src=\"https:\/\/usarentacars.com\/wp-content\/uploads\/2023\/09\/MIDSIZE.jpg\" alt=\"\"\/>\r\n                    <span><span><\/span><span>SUV DE TAMA\u00d1O MEDIANO<\/span><\/span>\r\n                    <i><\/i>\r\n                <\/a>\r\n            <\/li>\r\n        \r\n            <li class=\"theme-component-gallery-item-width-50\">\r\n                <a data-fancybox-group=\"autoride-gallery-1\" href=\"https:\/\/usarentacars.com\/es\/book\/\">\r\n                    <img decoding=\"async\" src=\"https:\/\/usarentacars.com\/wp-content\/uploads\/2018\/03\/LUXSEDAN.jpg\" alt=\"\"\/>\r\n                    <span><span><\/span><span>SEDANES DE LUJO<\/span><\/span>\r\n                    <i><\/i>\r\n                <\/a>\r\n            <\/li>\r\n        \r\n            <li class=\"theme-component-gallery-item-width-50\">\r\n                <a data-fancybox-group=\"autoride-gallery-1\" href=\"https:\/\/usarentacars.com\/es\/book\/\">\r\n                    <img decoding=\"async\" src=\"https:\/\/usarentacars.com\/wp-content\/uploads\/2018\/03\/VAN.jpg\" alt=\"\"\/>\r\n                    <span><span><\/span><span>FURGONETAS FAMILIARES<\/span><\/span>\r\n                    <i><\/i>\r\n                <\/a>\r\n            <\/li>\r\n        \r\n            <li class=\"theme-component-gallery-item-width-50\">\r\n                <a data-fancybox-group=\"autoride-gallery-1\" href=\"https:\/\/usarentacars.com\/es\/book\/\">\r\n                    <img decoding=\"async\" src=\"https:\/\/usarentacars.com\/wp-content\/uploads\/2018\/03\/LUXSUV.jpg\" alt=\"\"\/>\r\n                    <span><span><\/span><span>SUV DE LUJO<\/span><\/span>\r\n                    <i><\/i>\r\n                <\/a>\r\n            <\/li>\r\n        \r\n            <li class=\"theme-component-gallery-item-width-50\">\r\n                <a data-fancybox-group=\"autoride-gallery-1\" href=\"https:\/\/usarentacars.com\/es\/book\/\">\r\n                    <img decoding=\"async\" src=\"https:\/\/usarentacars.com\/wp-content\/uploads\/2018\/03\/LARGESUV-1.jpg\" alt=\"\"\/>\r\n                    <span><span><\/span><span>SUV GRANDE<\/span><\/span>\r\n                    <i><\/i>\r\n                <\/a>\r\n            <\/li>\r\n        \n                <\/ul>\n            <\/div>\n        <\/div><\/div><\/div><\/div>\r\n            <div class=\"theme-component-button theme-component-button-style-1 aligncenter\">\r\n                <a href=\"https:\/\/usarentacars.com\/es\/book\/\" target=\"_self\">\r\n                    Reservar\r\n                <\/a>\r\n            <\/div>\r\n        <\/div><\/div><\/div><\/div><div class=\"vc_row-full-width vc_clearfix\"><\/div><div class=\"vc_row wpb_row vc_row-fluid\"><div class=\"wpb_column vc_column_container vc_col-sm-12\"><div class=\"vc_column-inner\"><div class=\"wpb_wrapper\"><\/div><\/div><\/div><\/div>\n<\/section>","protected":false},"excerpt":{"rendered":"Safety FirstOur safety is paramount. Our vehicles undergo rigorous maintenance, cleaning and inspections. Reasonable RatesWe\u2019re committed to offering you the best value for your money. Largest FleetWe offer an extensive fleet of vehicles including sedans, limousines and coach buses Local ExpertiseWith a deep understanding of the Dominican Republic's landscapes and cultures, we offer you a [...]","protected":false},"author":2,"featured_media":0,"parent":0,"menu_order":0,"comment_status":"closed","ping_status":"closed","template":"","meta":{"_coblocks_attr":"","_coblocks_dimensions":"","_coblocks_responsive_height":"","_coblocks_accordion_ie_support":"","footnotes":""},"class_list":["post-11055","page","type-page","status-publish","hentry"],"_links":{"self":[{"href":"https:\/\/usarentacars.com\/es\/wp-json\/wp\/v2\/pages\/11055","targetHints":{"allow":["GET"]}}],"collection":[{"href":"https:\/\/usarentacars.com\/es\/wp-json\/wp\/v2\/pages"}],"about":[{"href":"https:\/\/usarentacars.com\/es\/wp-json\/wp\/v2\/types\/page"}],"author":[{"embeddable":true,"href":"https:\/\/usarentacars.com\/es\/wp-json\/wp\/v2\/users\/2"}],"replies":[{"embeddable":true,"href":"https:\/\/usarentacars.com\/es\/wp-json\/wp\/v2\/comments?post=11055"}],"version-history":[{"count":30,"href":"https:\/\/usarentacars.com\/es\/wp-json\/wp\/v2\/pages\/11055\/revisions"}],"predecessor-version":[{"id":12426,"href":"https:\/\/usarentacars.com\/es\/wp-json\/wp\/v2\/pages\/11055\/revisions\/12426"}],"wp:attachment":[{"href":"https:\/\/usarentacars.com\/es\/wp-json\/wp\/v2\/media?parent=11055"}],"curies":[{"name":"wp","href":"https:\/\/api.w.org\/{rel}","templated":true}]}}